{"id":424,"date":"2021-12-04T23:03:02","date_gmt":"2021-12-04T22:03:02","guid":{"rendered":"https:\/\/ceciliacolacrai.com\/?page_id=424"},"modified":"2021-12-06T17:05:05","modified_gmt":"2021-12-06T16:05:05","slug":"otras-creaciones","status":"publish","type":"page","link":"https:\/\/ceciliacolacrai.com\/eng\/otras-creaciones\/","title":{"rendered":"otras creaciones"},"content":{"rendered":"<h2 class=\"wp-block-heading\"><strong>OTHER CREATIONS<\/strong><\/h2>\n\n\n\n<p><strong>2020<\/strong><br><strong><em>Desplegando la Jungla<\/em><\/strong><br>Educational art project that includes: A day in The Jungle (film) + audiovisual capsules of art activities to do in the classroom or at home.<br>Creation and performance: <a rel=\"noreferrer noopener\" href=\"http:\/\/www.bigbouncers.info\/en\/2239-2\/\" target=\"_blank\">Big Bouncers Collective&nbsp;<\/a><\/p>\n\n\n\n<hr class=\"wp-block-separator\"\/>\n\n\n\n<p><strong>2019<\/strong> <br><strong><a rel=\"noreferrer noopener\" href=\"http:\/\/www.bigbouncers.info\/en\/constellation-big-bouncers\/\" target=\"_blank\"><em>Big Bouncers Constellation<\/em><\/a><\/strong><br>The <strong><a href=\"https:\/\/mercatflors.cat\/ciclesifestivals\/constellacio-big-bouncers-2018-19\/\" target=\"_blank\" rel=\"noreferrer noopener\">Mercat de las Flors<\/a><\/strong> invites the <strong>Big Bouncers Collective<\/strong> to star in one of the five constellations that form part of the 2018-2019 season programme.<\/p>\n\n\n\n<div class=\"wp-block-image\"><figure class=\"aligncenter size-large is-resized\"><img loading=\"lazy\" decoding=\"async\" src=\"https:\/\/ceciliacolacrai.com\/wp-content\/uploads\/2021\/11\/OVNI_1521web\u00a9Tristan-Perez-Martin-1024x576.jpg\" alt=\"\" class=\"wp-image-240\" width=\"500\" height=\"288\"\/><figcaption>Big Bouncers \/ OVNI _ photography: Trist\u00e1n P\u00e9rez-Mart\u00edn<\/figcaption><\/figure><\/div>\n\n\n\n<hr class=\"wp-block-separator\"\/>\n\n\n\n<p><strong>2018<\/strong><br><strong><em><a rel=\"noreferrer noopener\" href=\"http:\/\/www.bigbouncers.info\/en\/acte-reflex-3\/\" target=\"_blank\">Reflective Act<\/a><\/em><\/strong><br>Direction: Big Bouncers Collective<br>EN RESIDENCIA Project, participation of 2nd year ESO students from Mois\u00e8s Broggi Secondary School<\/p>\n\n\n\n<hr class=\"wp-block-separator\"\/>\n\n\n\n<p><strong>2017<\/strong> <br><strong><em>The Latent Space<\/em><\/strong><br>Creation and performance: Cecilia Colacrai, Mart\u00edn Piliponsky<br>Musician and performer: Mat\u00edas Mahmud Ortola<\/p>\n\n\n\n<hr class=\"wp-block-separator\"\/>\n\n\n\n<p><strong>2014<\/strong> <br><strong><em><a rel=\"noreferrer noopener\" href=\"http:\/\/www.bigbouncers.info\/en\/doppelganger\/\" target=\"_blank\">Doppelg\u00e4nger<\/a><\/em><\/strong><br>Big Bouncers Collective<\/p>\n\n\n\n<div class=\"wp-block-image\"><figure class=\"aligncenter size-large is-resized\"><img loading=\"lazy\" decoding=\"async\" src=\"https:\/\/ceciliacolacrai.com\/wp-content\/uploads\/2021\/12\/BB_Doppelganger_061web-edited.jpg\" alt=\"\" class=\"wp-image-448\" width=\"500\" height=\"500\" srcset=\"https:\/\/ceciliacolacrai.com\/wp-content\/uploads\/2021\/12\/BB_Doppelganger_061web-edited.jpg 995w, https:\/\/ceciliacolacrai.com\/wp-content\/uploads\/2021\/12\/BB_Doppelganger_061web-edited-300x300.jpg 300w, https:\/\/ceciliacolacrai.com\/wp-content\/uploads\/2021\/12\/BB_Doppelganger_061web-edited-150x150.jpg 150w, https:\/\/ceciliacolacrai.com\/wp-content\/uploads\/2021\/12\/BB_Doppelganger_061web-edited-768x770.jpg 768w, https:\/\/ceciliacolacrai.com\/wp-content\/uploads\/2021\/12\/BB_Doppelganger_061web-edited-100x100.jpg 100w\" sizes=\"auto, (max-width: 500px) 100vw, 500px\" \/><figcaption>Big Bouncers \/ Doppelg\u00e4nger \u00a9Trist\u00e1n P\u00e9rez-Mart\u00edn<\/figcaption><\/figure><\/div>\n\n\n\n<p><br><a rel=\"noreferrer noopener\" href=\"http:\/\/www.bigbouncers.info\/en\/i-see-a-spider-on-the-wall-3\/\" target=\"_blank\"><strong><em>I see a spider on the wall<\/em><\/strong><\/a><br>Direction: Big Bouncers Collective<br>Performance: PRYZMAT company, Poland<\/p>\n\n\n\n<hr class=\"wp-block-separator\"\/>\n\n\n\n<p><strong>2011<\/strong><br><strong><em>Collapse<\/em><\/strong><br>Direction and performance: Cecilia Colacrai, Gabriela Barberio and Sebasti\u00e1n Garc\u00eda Ferro<\/p>\n\n\n\n<div class=\"wp-block-image\"><figure class=\"aligncenter size-full is-resized\"><img loading=\"lazy\" decoding=\"async\" src=\"http:\/\/nuevo.ceciliacolacrai.com\/wp-content\/uploads\/2021\/12\/colapsar_0455.jpg\" alt=\"\" class=\"wp-image-433\" width=\"500\" height=\"500\" srcset=\"https:\/\/ceciliacolacrai.com\/wp-content\/uploads\/2021\/12\/colapsar_0455.jpg 800w, https:\/\/ceciliacolacrai.com\/wp-content\/uploads\/2021\/12\/colapsar_0455-300x300.jpg 300w, https:\/\/ceciliacolacrai.com\/wp-content\/uploads\/2021\/12\/colapsar_0455-150x150.jpg 150w, https:\/\/ceciliacolacrai.com\/wp-content\/uploads\/2021\/12\/colapsar_0455-768x768.jpg 768w, https:\/\/ceciliacolacrai.com\/wp-content\/uploads\/2021\/12\/colapsar_0455-100x100.jpg 100w\" sizes=\"auto, (max-width: 500px) 100vw, 500px\" \/><figcaption>photography: Trist\u00e1n P\u00e9rez-Mart\u00edn<\/figcaption><\/figure><\/div>\n\n\n\n<hr class=\"wp-block-separator\"\/>\n\n\n\n<p><strong>2006-2008<\/strong><br><strong><em>Tierra sin Mal <\/em><\/strong>(reversion of the piece created in 2000) and <strong><em>Arrels<\/em><\/strong><br>Creation and performance: Andrea Acosta, Sonia Busquet, Silvia Machado and Cecilia Colacrai<\/p>\n\n\n\n<hr class=\"wp-block-separator\"\/>\n\n\n\n<p><strong>2002-2004<\/strong><br><strong><em>Cre\u00ed que no me ve\u00edas <\/em><\/strong>and <strong><em>Ay de m\u00ed<\/em><\/strong><br>Viento Sur Group<br>Creation and performance: Andrea Acosta, Paula Copello and Cecilia Colacrai<br>These pieces have received choreographic awards at the Certamen Coreogr\u00e1fico de Madrid 2002 and 2003.<\/p>\n\n\n\n<hr class=\"wp-block-separator\"\/>\n\n\n\n<p><strong>2000<\/strong><br><strong><em>Cathedrals<\/em><\/strong><br>Group La Troupe<br>Created and performed by: Patricia Mateos, Paula Manaker, Fabi\u00e1n Gandini, Anal\u00eda Rodr\u00edguez, Laura de Dominicis and Cecilia Colacrai<br>Direction: Alejandra G\u00f3mez<\/p>\n\n\n\n<hr class=\"wp-block-separator\"\/>\n\n\n\n<p><strong>1996<\/strong><br><strong><em>Sands of your heart<\/em><\/strong><br>El Taller Group<br>Coordination: Cristina Prates<\/p>","protected":false},"excerpt":{"rendered":"<p>OTRAS CREACIONES 2020Desplegando la JunglaProyecto art\u00edstico educativo que incluye: Un d\u00eda en La Jungla (pel\u00edcula) + c\u00e1psulas audiovisuales de actividades art\u00edsticas para realizar en el aula o en casa.Creaci\u00f3n e interpretaci\u00f3n: Colectivo Big Bouncers&nbsp; 2019 Constelaci\u00f3n Big BouncersEl Mercat de las Flors invita al Colectivo Big Bouncers a protagonizar una de las cinco constelaciones que &hellip; <\/p>\n<p class=\"link-more\"><a href=\"https:\/\/ceciliacolacrai.com\/eng\/otras-creaciones\/\" class=\"more-link\">Continue reading<span class=\"screen-reader-text\"> \u00abotras creaciones\u00bb<\/span><\/a><\/p>","protected":false},"author":1,"featured_media":0,"parent":0,"menu_order":0,"comment_status":"closed","ping_status":"closed","template":"","meta":{"footnotes":""},"class_list":["post-424","page","type-page","status-publish","hentry"],"_links":{"self":[{"href":"https:\/\/ceciliacolacrai.com\/eng\/wp-json\/wp\/v2\/pages\/424","targetHints":{"allow":["GET"]}}],"collection":[{"href":"https:\/\/ceciliacolacrai.com\/eng\/wp-json\/wp\/v2\/pages"}],"about":[{"href":"https:\/\/ceciliacolacrai.com\/eng\/wp-json\/wp\/v2\/types\/page"}],"author":[{"embeddable":true,"href":"https:\/\/ceciliacolacrai.com\/eng\/wp-json\/wp\/v2\/users\/1"}],"replies":[{"embeddable":true,"href":"https:\/\/ceciliacolacrai.com\/eng\/wp-json\/wp\/v2\/comments?post=424"}],"version-history":[{"count":0,"href":"https:\/\/ceciliacolacrai.com\/eng\/wp-json\/wp\/v2\/pages\/424\/revisions"}],"wp:attachment":[{"href":"https:\/\/ceciliacolacrai.com\/eng\/wp-json\/wp\/v2\/media?parent=424"}],"curies":[{"name":"wp","href":"https:\/\/api.w.org\/{rel}","templated":true}]}}