{"id":380,"date":"2021-12-04T18:06:36","date_gmt":"2021-12-04T17:06:36","guid":{"rendered":"https:\/\/ceciliacolacrai.com\/?page_id=380"},"modified":"2021-12-05T21:03:41","modified_gmt":"2021-12-05T20:03:41","slug":"ultimo-el-baile","status":"publish","type":"page","link":"https:\/\/ceciliacolacrai.com\/eng\/ultimo-el-baile\/","title":{"rendered":"Last, the dance"},"content":{"rendered":"<h2 class=\"wp-block-heading\"><strong>Last, the dance<\/strong><br>Cecilia Colacrai \/ Jorge Albuerne<br><sup><sub>(2010) <\/sub><\/sup><\/h2>\n\n\n\n<p class=\"has-text-align-center\">\"...people live for years and years, but in reality it is only in a small part of those years that they really live, and that is in the years when they manage to do what they were born to do.\" <br>(<em>Questa storia\u00bb <\/em>Alessandro Baricco<em>)<\/em><\/p>\n\n\n\n<div class=\"wp-block-image is-style-default\"><figure class=\"aligncenter size-large\"><img loading=\"lazy\" decoding=\"async\" width=\"1024\" height=\"737\" src=\"http:\/\/nuevo.ceciliacolacrai.com\/wp-content\/uploads\/2021\/12\/ultimo-1-1024x737.jpg\" alt=\"\" class=\"wp-image-374\" srcset=\"https:\/\/ceciliacolacrai.com\/wp-content\/uploads\/2021\/12\/ultimo-1-1024x737.jpg 1024w, https:\/\/ceciliacolacrai.com\/wp-content\/uploads\/2021\/12\/ultimo-1-300x216.jpg 300w, https:\/\/ceciliacolacrai.com\/wp-content\/uploads\/2021\/12\/ultimo-1-768x553.jpg 768w, https:\/\/ceciliacolacrai.com\/wp-content\/uploads\/2021\/12\/ultimo-1-1536x1106.jpg 1536w, https:\/\/ceciliacolacrai.com\/wp-content\/uploads\/2021\/12\/ultimo-1-2048x1474.jpg 2048w\" sizes=\"auto, (max-width: 767px) 89vw, (max-width: 1000px) 54vw, (max-width: 1071px) 543px, 580px\" \/><figcaption>photography: Hern\u00e1n Galbiati<\/figcaption><\/figure><\/div>\n\n\n\n<hr class=\"wp-block-separator\"\/>\n\n\n\n<p>Two people who meet by chance in a random place; going through different situations they discover that perhaps they are not so far away and not so different. Scenes that are constantly ordered and disordered. Each time the piece re-creates itself...it will never be the same...there will always be a game to play...<\/p>\n\n\n\n<p><em>Last, the dance <\/em>proposes a new space for the encounter of dance and circus, creating its own language to bring these disciplines closer to the spectator, offering a fresh and fun show with the aim of reflecting on what we call \"moments of happiness\".<\/p>\n\n\n\n<p>Defying gravity and limits, the audience will share with the performers this journey full of characters, dance and music.<\/p>\n\n\n\n<p><em>Last, the dance <\/em>has toured between 2010 and 2016 to different festivals in Spain, Germany, Switzerland and Argentina.<\/p>\n\n\n\n<figure class=\"wp-block-image size-large\"><img loading=\"lazy\" decoding=\"async\" width=\"1024\" height=\"683\" src=\"http:\/\/nuevo.ceciliacolacrai.com\/wp-content\/uploads\/2021\/12\/IMG_5574-1024x683.jpg\" alt=\"\" class=\"wp-image-378\" srcset=\"https:\/\/ceciliacolacrai.com\/wp-content\/uploads\/2021\/12\/IMG_5574-1024x683.jpg 1024w, https:\/\/ceciliacolacrai.com\/wp-content\/uploads\/2021\/12\/IMG_5574-300x200.jpg 300w, https:\/\/ceciliacolacrai.com\/wp-content\/uploads\/2021\/12\/IMG_5574-768x512.jpg 768w, https:\/\/ceciliacolacrai.com\/wp-content\/uploads\/2021\/12\/IMG_5574-1536x1024.jpg 1536w, https:\/\/ceciliacolacrai.com\/wp-content\/uploads\/2021\/12\/IMG_5574-2048x1365.jpg 2048w\" sizes=\"auto, (max-width: 767px) 89vw, (max-width: 1000px) 54vw, (max-width: 1071px) 543px, 580px\" \/><\/figure>\n\n\n\n<hr class=\"wp-block-separator\"\/>\n\n\n\n<p><strong>Artistic team<\/strong><br>Creation and performance: <strong>Cecilia Colacrai and Jorge Albuerne<\/strong><br>Music: <strong>Miguel Mar\u00edn and others composers<\/strong><br>Sound technician: <strong>Pablo (Mo) Ram\u00edrez<\/strong><br>Photography: <strong>Sara Pe\u00f1alba, Hern\u00e1n Galbiati<\/strong><br>Video: <strong>Esteban Crucci<\/strong><br>Assistance in motion: <strong>Andrea Acosta<\/strong><br>Costume consultant: <strong>Emilia Pilello<\/strong><br>With the support of: <strong>Conca and Associaci\u00f3 Bipolart<\/strong><br>With the collaboration of: <strong>Centro Cultural La B\u00f3bila, Centre Civic Barceloneta, La Nave Espacial, Escola de Circ Rogelio Rivel and La CCB<\/strong><br>Special thanks to: <strong>Ram\u00f3n, Elena, Sara, La Nave, El Barba, Silvita, APdC, Pilar, Romi, Mari, Emi, La CCB<\/strong><\/p>","protected":false},"excerpt":{"rendered":"<p>\u00daltimo, el baileCecilia Colacrai \/ Jorge Albuerne(2010) \u201c&#8230;la gente vive a\u00f1os y a\u00f1os, pero en realidad es solo en una peque\u00f1a parte de esos a\u00f1os cuando vive de verdad, y esto es en los a\u00f1os en que consigue hacer aquello para lo que naci\u00f3.\u201d (\u201cQuesta storia\u00bb Alessandro Baricco) Dos que se encuentran casualmente en un &hellip; <\/p>\n<p class=\"link-more\"><a href=\"https:\/\/ceciliacolacrai.com\/eng\/ultimo-el-baile\/\" class=\"more-link\">Continue reading<span class=\"screen-reader-text\"> \u00ab\u00daltimo, el baile\u00bb<\/span><\/a><\/p>","protected":false},"author":1,"featured_media":0,"parent":0,"menu_order":0,"comment_status":"closed","ping_status":"closed","template":"","meta":{"footnotes":""},"class_list":["post-380","page","type-page","status-publish","hentry"],"_links":{"self":[{"href":"https:\/\/ceciliacolacrai.com\/eng\/wp-json\/wp\/v2\/pages\/380","targetHints":{"allow":["GET"]}}],"collection":[{"href":"https:\/\/ceciliacolacrai.com\/eng\/wp-json\/wp\/v2\/pages"}],"about":[{"href":"https:\/\/ceciliacolacrai.com\/eng\/wp-json\/wp\/v2\/types\/page"}],"author":[{"embeddable":true,"href":"https:\/\/ceciliacolacrai.com\/eng\/wp-json\/wp\/v2\/users\/1"}],"replies":[{"embeddable":true,"href":"https:\/\/ceciliacolacrai.com\/eng\/wp-json\/wp\/v2\/comments?post=380"}],"version-history":[{"count":0,"href":"https:\/\/ceciliacolacrai.com\/eng\/wp-json\/wp\/v2\/pages\/380\/revisions"}],"wp:attachment":[{"href":"https:\/\/ceciliacolacrai.com\/eng\/wp-json\/wp\/v2\/media?parent=380"}],"curies":[{"name":"wp","href":"https:\/\/api.w.org\/{rel}","templated":true}]}}