{"id":37,"date":"2021-08-31T22:28:58","date_gmt":"2021-08-31T20:28:58","guid":{"rendered":"https:\/\/ceciliacolacrai.com\/?page_id=37"},"modified":"2024-07-04T14:06:53","modified_gmt":"2024-07-04T12:06:53","slug":"rave","status":"publish","type":"page","link":"https:\/\/ceciliacolacrai.com\/eng\/rave\/","title":{"rendered":"R.A.V.E."},"content":{"rendered":"<h2 class=\"wp-block-heading\"><strong>R.A.V.E.<\/strong><br><em><strong>(Revolutionary Agglomeration<\/strong> <strong>for Voluntary Extermination)<\/strong><\/em><br><\/h2>\n\n\n\n<figure class=\"wp-block-embed is-type-video is-provider-youtube wp-block-embed-youtube wp-embed-aspect-16-9 wp-has-aspect-ratio\"><div class=\"wp-block-embed__wrapper\">\n<iframe loading=\"lazy\" title=\"TRAILER: R.A.V.E. (Revolutionary Agglomeration for Voluntary Extermination) de Cecilia Colacrai\" width=\"525\" height=\"295\" src=\"https:\/\/www.youtube.com\/embed\/x8slEzrHzFA?feature=oembed\" frameborder=\"0\" allow=\"accelerometer; autoplay; clipboard-write; encrypted-media; gyroscope; picture-in-picture; web-share\" referrerpolicy=\"strict-origin-when-cross-origin\" allowfullscreen><\/iframe>\n<\/div><\/figure>\n\n\n\n<p class=\"has-text-align-left has-medium-font-size\"><strong>R.A.V.E. was premiered in October 2022 at the Mercat de les Flors (Barcelona). In November 2023, it toured Argentina.<\/strong> <br><em>(see <a href=\"https:\/\/ceciliacolacrai.com\/eng\/prensa\/\" data-type=\"page\" data-id=\"816\">reviews and press releases<\/a><\/em>)<\/p>\n\n\n\n<blockquote class=\"wp-block-quote has-text-align-center is-style-default is-layout-flow wp-block-quote-is-layout-flow\">\n<p>What if the theatre was a space between heaven and earth, between the past and the future? What would happen if this place was at the same time populated by memories of the times before humans became detached from nature and the current prophecies about the end of the world?<\/p>\n\n\n\n<p>In R.A.V.E. Cecilia Colacrai is on stage alone, using movement as a means to understand our instinct for preservation. Strongly related to sound vibrations, she evokes primitivity in order to unfold a great variety of physical states. Demonstrating an extraordinary plasticity and resistance, Cecilia transforms again and again, taking her body to the limit.<\/p>\n\n\n\n<p>In this undefined space she does not speak of herself, rather, by using her body, she talks about the finitude and evolution of our species. The dance here is presented as a trigger for fiction, offering a language that allows us to imagine forms of life beyond the walls of the theatre.<\/p>\n<cite>Jo\u00e3o Lima<\/cite><\/blockquote>\n\n\n\n<hr class=\"wp-block-separator has-css-opacity\"\/>\n\n\n<div class=\"wp-block-image is-style-default\">\n<figure class=\"aligncenter size-large\"><img loading=\"lazy\" decoding=\"async\" width=\"1024\" height=\"576\" src=\"https:\/\/ceciliacolacrai.com\/wp-content\/uploads\/2023\/01\/CC-RAVE_1226web\u00a9Tristan-Perez-Martin-1024x576.jpg\" alt=\"\" class=\"wp-image-719\" srcset=\"https:\/\/ceciliacolacrai.com\/wp-content\/uploads\/2023\/01\/CC-RAVE_1226web\u00a9Tristan-Perez-Martin-1024x576.jpg 1024w, https:\/\/ceciliacolacrai.com\/wp-content\/uploads\/2023\/01\/CC-RAVE_1226web\u00a9Tristan-Perez-Martin-300x169.jpg 300w, https:\/\/ceciliacolacrai.com\/wp-content\/uploads\/2023\/01\/CC-RAVE_1226web\u00a9Tristan-Perez-Martin-768x432.jpg 768w, https:\/\/ceciliacolacrai.com\/wp-content\/uploads\/2023\/01\/CC-RAVE_1226web\u00a9Tristan-Perez-Martin-1536x864.jpg 1536w, https:\/\/ceciliacolacrai.com\/wp-content\/uploads\/2023\/01\/CC-RAVE_1226web\u00a9Tristan-Perez-Martin-18x10.jpg 18w, https:\/\/ceciliacolacrai.com\/wp-content\/uploads\/2023\/01\/CC-RAVE_1226web\u00a9Tristan-Perez-Martin.jpg 1920w\" sizes=\"auto, (max-width: 767px) 89vw, (max-width: 1000px) 54vw, (max-width: 1071px) 543px, 580px\" \/><figcaption class=\"wp-element-caption\">photography: Trist\u00e1n P\u00e9rez-Mart\u00edn<\/figcaption><\/figure>\n<\/div>\n\n\n<figure class=\"wp-block-image size-large\"><img loading=\"lazy\" decoding=\"async\" width=\"1024\" height=\"683\" src=\"https:\/\/ceciliacolacrai.com\/wp-content\/uploads\/2023\/01\/CC-RAVE_1692web\u00a9Tristan-Perez-Martin-1024x683.jpg\" alt=\"\" class=\"wp-image-726\" srcset=\"https:\/\/ceciliacolacrai.com\/wp-content\/uploads\/2023\/01\/CC-RAVE_1692web\u00a9Tristan-Perez-Martin-1024x683.jpg 1024w, https:\/\/ceciliacolacrai.com\/wp-content\/uploads\/2023\/01\/CC-RAVE_1692web\u00a9Tristan-Perez-Martin-300x200.jpg 300w, https:\/\/ceciliacolacrai.com\/wp-content\/uploads\/2023\/01\/CC-RAVE_1692web\u00a9Tristan-Perez-Martin-768x512.jpg 768w, https:\/\/ceciliacolacrai.com\/wp-content\/uploads\/2023\/01\/CC-RAVE_1692web\u00a9Tristan-Perez-Martin-1536x1024.jpg 1536w, https:\/\/ceciliacolacrai.com\/wp-content\/uploads\/2023\/01\/CC-RAVE_1692web\u00a9Tristan-Perez-Martin-18x12.jpg 18w, https:\/\/ceciliacolacrai.com\/wp-content\/uploads\/2023\/01\/CC-RAVE_1692web\u00a9Tristan-Perez-Martin.jpg 1620w\" sizes=\"auto, (max-width: 767px) 89vw, (max-width: 1000px) 54vw, (max-width: 1071px) 543px, 580px\" \/><figcaption class=\"wp-element-caption\">photography: Trist\u00e1n P\u00e9rez-Mart\u00edn<\/figcaption><\/figure>\n\n\n\n<p class=\"has-text-align-center\">\u201c... The absence of the future has already begun. This future that ended came, yet again,<br>suggesting that it may never have<em> ceased to begin\u2026\u201d<\/em> <br>(<em>The Ends of the World<\/em>by D\u00e9borah Danowski and Eduardo Viveiros de Castro<em>)<\/em><\/p>\n\n\n\n<p class=\"has-text-align-left\">Taking the idea of limit and end as a starting point, the project proposes an investigation of a performance language that invites us to reflect on the instinct and insistence of human beings to preserve their own species.&nbsp;&nbsp;<\/p>\n\n\n\n<p class=\"has-text-align-left\">In a time of such acceleration like ours, reflecting on our perception of time became a necessity. The evolution, the idea of a cycle, of coming back to the already known, the relentlessness of time, the idea of persistence vs. change, the undefined, the foreseeable, the duration and the constant transformation are some of the triggers that intervened in the construction of this solo. Inevitably, as the hypotheses about the future are made, so are the ones about beginnings\u2026<\/p>\n\n\n\n<figure class=\"wp-block-gallery has-nested-images columns-2 is-cropped wp-block-gallery-1 is-layout-flex wp-block-gallery-is-layout-flex\">\n<figure class=\"wp-block-image size-large\"><img loading=\"lazy\" decoding=\"async\" width=\"1024\" height=\"576\" data-id=\"720\" src=\"https:\/\/ceciliacolacrai.com\/wp-content\/uploads\/2023\/01\/CC-RAVE_1326web\u00a9Tristan-Perez-Martin-1024x576.jpg\" alt=\"\" class=\"wp-image-720\" srcset=\"https:\/\/ceciliacolacrai.com\/wp-content\/uploads\/2023\/01\/CC-RAVE_1326web\u00a9Tristan-Perez-Martin-1024x576.jpg 1024w, https:\/\/ceciliacolacrai.com\/wp-content\/uploads\/2023\/01\/CC-RAVE_1326web\u00a9Tristan-Perez-Martin-300x169.jpg 300w, https:\/\/ceciliacolacrai.com\/wp-content\/uploads\/2023\/01\/CC-RAVE_1326web\u00a9Tristan-Perez-Martin-768x432.jpg 768w, https:\/\/ceciliacolacrai.com\/wp-content\/uploads\/2023\/01\/CC-RAVE_1326web\u00a9Tristan-Perez-Martin-1536x864.jpg 1536w, https:\/\/ceciliacolacrai.com\/wp-content\/uploads\/2023\/01\/CC-RAVE_1326web\u00a9Tristan-Perez-Martin-18x10.jpg 18w, https:\/\/ceciliacolacrai.com\/wp-content\/uploads\/2023\/01\/CC-RAVE_1326web\u00a9Tristan-Perez-Martin.jpg 1920w\" sizes=\"auto, (max-width: 767px) 89vw, (max-width: 1000px) 54vw, (max-width: 1071px) 543px, 580px\" \/><\/figure>\n\n\n\n<figure class=\"wp-block-image size-large\"><img loading=\"lazy\" decoding=\"async\" width=\"1024\" height=\"576\" data-id=\"729\" src=\"https:\/\/ceciliacolacrai.com\/wp-content\/uploads\/2023\/01\/CC-RAVE_1762web\u00a9Tristan-Perez-Martin-1024x576.jpg\" alt=\"\" class=\"wp-image-729\" srcset=\"https:\/\/ceciliacolacrai.com\/wp-content\/uploads\/2023\/01\/CC-RAVE_1762web\u00a9Tristan-Perez-Martin-1024x576.jpg 1024w, https:\/\/ceciliacolacrai.com\/wp-content\/uploads\/2023\/01\/CC-RAVE_1762web\u00a9Tristan-Perez-Martin-300x169.jpg 300w, https:\/\/ceciliacolacrai.com\/wp-content\/uploads\/2023\/01\/CC-RAVE_1762web\u00a9Tristan-Perez-Martin-768x432.jpg 768w, https:\/\/ceciliacolacrai.com\/wp-content\/uploads\/2023\/01\/CC-RAVE_1762web\u00a9Tristan-Perez-Martin-1536x864.jpg 1536w, https:\/\/ceciliacolacrai.com\/wp-content\/uploads\/2023\/01\/CC-RAVE_1762web\u00a9Tristan-Perez-Martin-18x10.jpg 18w, https:\/\/ceciliacolacrai.com\/wp-content\/uploads\/2023\/01\/CC-RAVE_1762web\u00a9Tristan-Perez-Martin.jpg 1920w\" sizes=\"auto, (max-width: 767px) 89vw, (max-width: 1000px) 54vw, (max-width: 1071px) 543px, 580px\" \/><\/figure>\n\n\n\n<figure class=\"wp-block-image size-large is-style-default\"><img loading=\"lazy\" decoding=\"async\" width=\"1024\" height=\"576\" data-id=\"724\" src=\"https:\/\/ceciliacolacrai.com\/wp-content\/uploads\/2023\/01\/CC-RAVE_1534web\u00a9Tristan-Perez-Martin-1024x576.jpg\" alt=\"\" class=\"wp-image-724\" srcset=\"https:\/\/ceciliacolacrai.com\/wp-content\/uploads\/2023\/01\/CC-RAVE_1534web\u00a9Tristan-Perez-Martin-1024x576.jpg 1024w, https:\/\/ceciliacolacrai.com\/wp-content\/uploads\/2023\/01\/CC-RAVE_1534web\u00a9Tristan-Perez-Martin-300x169.jpg 300w, https:\/\/ceciliacolacrai.com\/wp-content\/uploads\/2023\/01\/CC-RAVE_1534web\u00a9Tristan-Perez-Martin-768x432.jpg 768w, https:\/\/ceciliacolacrai.com\/wp-content\/uploads\/2023\/01\/CC-RAVE_1534web\u00a9Tristan-Perez-Martin-1536x864.jpg 1536w, https:\/\/ceciliacolacrai.com\/wp-content\/uploads\/2023\/01\/CC-RAVE_1534web\u00a9Tristan-Perez-Martin-18x10.jpg 18w, https:\/\/ceciliacolacrai.com\/wp-content\/uploads\/2023\/01\/CC-RAVE_1534web\u00a9Tristan-Perez-Martin.jpg 1920w\" sizes=\"auto, (max-width: 767px) 89vw, (max-width: 1000px) 54vw, (max-width: 1071px) 543px, 580px\" \/><\/figure>\n\n\n\n<figure class=\"wp-block-image size-large\"><img loading=\"lazy\" decoding=\"async\" width=\"1024\" height=\"576\" data-id=\"722\" src=\"https:\/\/ceciliacolacrai.com\/wp-content\/uploads\/2023\/01\/CC-RAVE_1452web\u00a9Tristan-Perez-Martin-1024x576.jpg\" alt=\"\" class=\"wp-image-722\" srcset=\"https:\/\/ceciliacolacrai.com\/wp-content\/uploads\/2023\/01\/CC-RAVE_1452web\u00a9Tristan-Perez-Martin-1024x576.jpg 1024w, https:\/\/ceciliacolacrai.com\/wp-content\/uploads\/2023\/01\/CC-RAVE_1452web\u00a9Tristan-Perez-Martin-300x169.jpg 300w, https:\/\/ceciliacolacrai.com\/wp-content\/uploads\/2023\/01\/CC-RAVE_1452web\u00a9Tristan-Perez-Martin-768x432.jpg 768w, https:\/\/ceciliacolacrai.com\/wp-content\/uploads\/2023\/01\/CC-RAVE_1452web\u00a9Tristan-Perez-Martin-1536x864.jpg 1536w, https:\/\/ceciliacolacrai.com\/wp-content\/uploads\/2023\/01\/CC-RAVE_1452web\u00a9Tristan-Perez-Martin-18x10.jpg 18w, https:\/\/ceciliacolacrai.com\/wp-content\/uploads\/2023\/01\/CC-RAVE_1452web\u00a9Tristan-Perez-Martin.jpg 1920w\" sizes=\"auto, (max-width: 767px) 89vw, (max-width: 1000px) 54vw, (max-width: 1071px) 543px, 580px\" \/><\/figure>\n\n\n\n<figure class=\"wp-block-image size-large\"><img loading=\"lazy\" decoding=\"async\" width=\"1024\" height=\"576\" data-id=\"723\" src=\"https:\/\/ceciliacolacrai.com\/wp-content\/uploads\/2023\/01\/CC-RAVE_1471web\u00a9Tristan-Perez-Martin-1024x576.jpg\" alt=\"\" class=\"wp-image-723\" srcset=\"https:\/\/ceciliacolacrai.com\/wp-content\/uploads\/2023\/01\/CC-RAVE_1471web\u00a9Tristan-Perez-Martin-1024x576.jpg 1024w, https:\/\/ceciliacolacrai.com\/wp-content\/uploads\/2023\/01\/CC-RAVE_1471web\u00a9Tristan-Perez-Martin-300x169.jpg 300w, https:\/\/ceciliacolacrai.com\/wp-content\/uploads\/2023\/01\/CC-RAVE_1471web\u00a9Tristan-Perez-Martin-768x432.jpg 768w, https:\/\/ceciliacolacrai.com\/wp-content\/uploads\/2023\/01\/CC-RAVE_1471web\u00a9Tristan-Perez-Martin-1536x864.jpg 1536w, https:\/\/ceciliacolacrai.com\/wp-content\/uploads\/2023\/01\/CC-RAVE_1471web\u00a9Tristan-Perez-Martin-18x10.jpg 18w, https:\/\/ceciliacolacrai.com\/wp-content\/uploads\/2023\/01\/CC-RAVE_1471web\u00a9Tristan-Perez-Martin.jpg 1920w\" sizes=\"auto, (max-width: 767px) 89vw, (max-width: 1000px) 54vw, (max-width: 1071px) 543px, 580px\" \/><\/figure>\n<figcaption class=\"blocks-gallery-caption wp-element-caption\"><em>photographies: Trist\u00e1n P\u00e9rez-Mart\u00edn<\/em><\/figcaption><\/figure>\n\n\n\n<hr class=\"wp-block-separator has-css-opacity\"\/>\n\n\n\n<p><strong>Artistic team<\/strong><br>Idea, creation and performance: <strong>Cecilia Colacrai<\/strong><br>Artistic accompaniment: <strong>Jo\u00e3o Lima<\/strong><br>Music: <strong>Miquel Casaponsa, Miquel Vich Vila<\/strong><br>Soundscape:  <strong>Miquel Casaponsa<\/strong> <br>Sound assistant: <strong>Pablo (Mo) Ram\u00edrez<\/strong><br>Sound technician: <strong>Rodrigo Rammsy<\/strong><br>Light design: <strong>Ivan Cascon<\/strong><br>Set and costume design: <strong>Sergi Cerdan Aguado<\/strong><br>Photography and video: <strong><a rel=\"noreferrer noopener\" href=\"http:\/\/www.tristanperezmartin.com\" target=\"_blank\">Trist\u00e1n P\u00e9rez-Mart\u00edn<\/a><\/strong><br>Production: <strong>Rita Stivala, Cecilia Colacrai<\/strong><br>Collaboration: <strong>Mar\u00eda Mu\u00f1oz and Mar\u00eda Magdalena Garz\u00f3n<\/strong><br>Coproduction: <strong>Mercat de les Flors<\/strong><br>With the support of: <strong>Generalitat de Catalunya &#8211; Departament de Cultura<\/strong>, <strong><a rel=\"noreferrer noopener\" href=\"https:\/\/lanimal.org\/index.php?page=generador&amp;id=598\" target=\"_blank\">L\u2019animal a l\u2019Esquena<\/a>, Paso a 2-Certamen Coreogr\u00e1fico de Madrid, <a rel=\"noreferrer noopener\" href=\"http:\/\/www.lavisiva.info\" data-type=\"URL\" data-id=\"www.lavisiva.info\" target=\"_blank\">La Visiva<\/a>, Azala Espacio, Musiberia, C.C. Barceloneta, <a rel=\"noreferrer noopener\" href=\"https:\/\/lacaldera.info\/es\/actividades\/ccc57\" data-type=\"URL\" data-id=\"https:\/\/lacaldera.info\/es\/actividades\/ccc57\" target=\"_blank\">La Caldera<\/a>, L\u2019 Estruch de Sabadell, L&#8217;Ateneu de Celr\u00e0<\/strong>, <strong>nunArt Guinard\u00f3<\/strong>.<br>Special thanks to: <strong>Carina Aguis, Marina Capel, Pablo Colacrai, Colectivo Big Bouncers, Laura Kumin, Xavi Moreno, Federica Porello, Pep Ramis, Ur\u0161a Sekirnik, Gabriela Solini, Rodrigo Stocco, Eduard Teixidor<\/strong>.<\/p>","protected":false},"excerpt":{"rendered":"<p>R.A.V.E.(Revolutionary Agglomeration for Voluntary Extermination) R.A.V.E. fue estrenada en octubre del 2022 en el Mercat de les Flors (Barcelona). En noviembre del 2023 hace gira en Argentina. (ver cr\u00edticas y notas de prensa) \u00bfY si el teatro fuera un espacio entre el cielo y la tierra, entre el pasado y el futuro? \u00bfQu\u00e9 pasar\u00eda si &hellip; <\/p>\n<p class=\"link-more\"><a href=\"https:\/\/ceciliacolacrai.com\/eng\/rave\/\" class=\"more-link\">Continue reading<span class=\"screen-reader-text\"> \u00abR.A.V.E.\u00bb<\/span><\/a><\/p>","protected":false},"author":1,"featured_media":0,"parent":0,"menu_order":0,"comment_status":"closed","ping_status":"closed","template":"","meta":{"footnotes":""},"class_list":["post-37","page","type-page","status-publish","hentry"],"_links":{"self":[{"href":"https:\/\/ceciliacolacrai.com\/eng\/wp-json\/wp\/v2\/pages\/37","targetHints":{"allow":["GET"]}}],"collection":[{"href":"https:\/\/ceciliacolacrai.com\/eng\/wp-json\/wp\/v2\/pages"}],"about":[{"href":"https:\/\/ceciliacolacrai.com\/eng\/wp-json\/wp\/v2\/types\/page"}],"author":[{"embeddable":true,"href":"https:\/\/ceciliacolacrai.com\/eng\/wp-json\/wp\/v2\/users\/1"}],"replies":[{"embeddable":true,"href":"https:\/\/ceciliacolacrai.com\/eng\/wp-json\/wp\/v2\/comments?post=37"}],"version-history":[{"count":0,"href":"https:\/\/ceciliacolacrai.com\/eng\/wp-json\/wp\/v2\/pages\/37\/revisions"}],"wp:attachment":[{"href":"https:\/\/ceciliacolacrai.com\/eng\/wp-json\/wp\/v2\/media?parent=37"}],"curies":[{"name":"wp","href":"https:\/\/api.w.org\/{rel}","templated":true}]}}