{"id":33,"date":"2021-08-31T22:28:57","date_gmt":"2021-08-31T22:28:57","guid":{"rendered":"https:\/\/ceciliacolacrai.com\/?page_id=33"},"modified":"2026-03-07T18:37:44","modified_gmt":"2026-03-07T17:37:44","slug":"colaboraciones","status":"publish","type":"page","link":"https:\/\/ceciliacolacrai.com\/eng\/colaboraciones\/","title":{"rendered":"collaborations"},"content":{"rendered":"<h1 class=\"wp-block-heading\"><strong>COLLABORATIONS<\/strong><\/h1>\n\n\n\n<p><strong>2026<\/strong><br><br><strong>Asistencia de movimiento: <a href=\"https:\/\/www.tnc.cat\/ca\/edip-antigona\" target=\"_blank\" rel=\"noreferrer noopener\">\u00c8dip &amp; Ant\u00edgona<\/a><\/strong><br>Direcci\u00f3n: Carlota Subir\u00f3s<br>Estreno: 22\/04\/2026<\/p>\n\n\n\n<p><strong>2025<\/strong><\/p>\n\n\n\n<p><strong>Acompa\u00f1amiento art\u00edstico y asistencia de movimiento: <em>Conspiraci\u00f3n<\/em><\/strong><br>Direcci\u00f3n: Joao Lima<br>Estreno: octubre 2025<\/p>\n\n\n\n<p><strong>Asistencia de movimiento:<\/strong> <strong><a href=\"https:\/\/www.teatrelliure.com\/es\/olympia\" target=\"_blank\" rel=\"noreferrer noopener\">Olympia<\/a><\/strong><br>Direcci\u00f3n: Carlota Subir\u00f3s<br>Teatre Lliure, Barcelona.<\/p>\n\n\n\n<p><strong>2024<\/strong><\/p>\n\n\n\n<p><strong>Colaboraci\u00f3n art\u00edstica: <em>Riures<\/em><\/strong><br>Direcci\u00f3n: Cristina Mart\u00ed Vela.<\/p>\n\n\n\n<p><strong>Asistencia de movimiento: <em><a href=\"https:\/\/www.tnc.cat\/es\/what-the-foc\" target=\"_blank\" rel=\"noreferrer noopener\">What the Foc?<\/a><\/em><\/strong><br><strong>Un mapa vital y emocional de la ciudad de Barcelona<\/strong><br>Direcci\u00f3n: Junior Mthombeni y Gerardo Salinas<br>Teatre Nacional de Catalunya \/ Festival GREC<\/p>\n\n\n\n<p><strong>Asistencia de movimiento: <a href=\"https:\/\/www.salabeckett.cat\/es\/espectacle\/llums-llums-llums\/\" target=\"_blank\" rel=\"noreferrer noopener\"><em>Llums, llums, llums<\/em><\/a><\/strong><br>Direcci\u00f3n: Lurdes Barba<br>Estreno: <a href=\"https:\/\/www.salabeckett.cat\/es\/espectacle\/llums-llums-llums\/\" target=\"_blank\" rel=\"noreferrer noopener\">Sala Becket<\/a>, Barcelona<br><br><strong>2023<\/strong><\/p>\n\n\n\n<p><strong>Asistencia de movimiento<\/strong>:<strong> <em>La Pla\u00e7a del Diamant<\/em><\/strong><br>Direcci\u00f3n: Carlota Subir\u00f3s<br>Estreno: <a href=\"https:\/\/www.barcelona.cat\/grec\/ca\/espectacle\/la-placa-del-diamant\" target=\"_blank\" rel=\"noreferrer noopener\">Festival GREC<\/a>. <br>Temporada 2023\/2024 <a href=\"https:\/\/www.tnc.cat\/ca\/la-placa-del-diamant-23-24\" target=\"_blank\" rel=\"noreferrer noopener\">Teatre Nacional de Catalunya<\/a><\/p>\n\n\n\n<p><strong>Participaci\u00f3n  \/ Performance<\/strong><br>Quincena Metropolitana de la Dansa \/ Direcci\u00f3n Toni Mira.<br><br><strong>Grupo de investigaci\u00f3n <em>\u00abLxs escuchantes\u00bb<\/em><\/strong><br>Direcci\u00f3n: Lucas Condr\u00f3<br>Equipo art\u00edstico: Milagros Garc\u00eda, Joan Cots, Paul Guenot, Dasha Lavrennikov, Cecilia Colacrai, Lucas Condr\u00f3.<\/p>\n\n\n\n<p><strong>2022<\/strong><\/p>\n\n\n\n<p><strong>Creaci\u00f3n e interpretaci\u00f3n <\/strong><br><em><strong>Casa Nostra<\/strong><\/em> \/ Si los Martes fueran Viernes<br><a rel=\"noreferrer noopener\" href=\"https:\/\/mercatflors.cat\/espectacle\/casa-nostra\/\" target=\"_blank\">Mercat de les Flors<\/a> <\/p>\n\n\n\n<p><strong>Participaci\u00f3n<\/strong> <br>Presentaci\u00f3n del libro: <strong><em>Asymetrical-Motion CLASES<\/em> <\/strong>\/ Lucas Condr\u00f3<br><br><strong>Creaci\u00f3n y performance<\/strong><br><a rel=\"noreferrer noopener\" href=\"https:\/\/www.entrapolis.com\/entradas\/loli-molina-elements\" target=\"_blank\">Festival Elements<\/a><\/p>\n\n\n\n<p><strong>Participaci\u00f3n <br><em>Enemigos \u00edntimos<a rel=\"noreferrer noopener\" href=\"https:\/\/www.instagram.com\/p\/CWvt2art3gD\/\" target=\"_blank\"> <\/a>\/ <\/em><\/strong><em><a rel=\"noreferrer noopener\" href=\"https:\/\/www.silosmartesfueranviernes.com\/silosmartesfueranviernes\/\" target=\"_blank\">Si los martes fueran viernes<\/a><\/em><\/p>\n\n\n\n<p><strong>2021<\/strong><br><strong>Asistencia coreogr\u00e1fica<\/strong><br><strong><em><a rel=\"noreferrer noopener\" href=\"https:\/\/www.lacaldera.info\/es\/actividades\/ccc43\" data-type=\"URL\" data-id=\"https:\/\/www.lacaldera.info\/es\/actividades\/ccc43\" target=\"_blank\">Cavalo do c\u00e3o<\/a><\/em><\/strong><em> \/ Jo\u00e3o Lima<\/em><\/p>\n\n\n\n<p><strong>Acompa\u00f1amiento en la creaci\u00f3n<\/strong><br><strong><em><a rel=\"noreferrer noopener\" href=\"https:\/\/www.lasubita.com\/copia-de-11-2020\" target=\"_blank\">Silver Ballad <\/a><\/em><\/strong><em>\/ Cia La S\u00fabita<\/em><br><br><strong>Participaci\u00f3n <\/strong>en el debate performativo sobre la Presencia<br><strong><em><a rel=\"noreferrer noopener\" href=\"https:\/\/www.teatrelliure.com\/es\/katharsis-presencia-i-alteritat\" target=\"_blank\">Ciclo Katharsis &#8211; Presencia y alteridad<\/a><\/em>&nbsp;<\/strong><br>Direcci\u00f3n y moderaci\u00f3n: Martina Tosticarelli<br>Teatre Lliure (Barcelona)<br><br><strong>Participaci\u00f3n <\/strong><br><em><strong><a rel=\"noreferrer noopener\" href=\"https:\/\/tnt.cat\/es\/espectacle\/la-llista\/\" target=\"_blank\">La llista <\/a><\/strong>\/ Quim Bigas<\/em><br>Festival TNT, Terrassa<br><br><strong>Participaci\u00f3n <br><em><a rel=\"noreferrer noopener\" href=\"https:\/\/www.instagram.com\/p\/CWvt2art3gD\/\" target=\"_blank\">Enemigos \u00edntimos <\/a>\/ <\/em><\/strong><em><a rel=\"noreferrer noopener\" href=\"https:\/\/www.silosmartesfueranviernes.com\/silosmartesfueranviernes\/\" target=\"_blank\">Si los martes fueran viernes<\/a><\/em><br>Akasha Hub, Barcelona<\/p>\n\n\n\n<hr class=\"wp-block-separator has-css-opacity\"\/>\n\n\n\n<p><strong>2018-2021<\/strong><br><strong>Creaci\u00f3n e interpretaci\u00f3n<\/strong><br><em><strong><a rel=\"noreferrer noopener\" href=\"http:\/\/www.joancatala.pro\/5-100-ms\/\" target=\"_blank\">5.100 m\/s <\/a><\/strong>\/ <a rel=\"noreferrer noopener\" href=\"http:\/\/www.joancatala.pro\/\" target=\"_blank\">Joan Catal\u00e0<\/a><\/em><br>Presentaci\u00f3n en proceso, Fira T\u00e1rrega 2018 \/  Estreno, Festival Grec 2020 \/ Presentaciones en la temporada 2020-21 del Mercat de Les Flors \/ Presentaci\u00f3n, Festival Sismograf 2021<\/p>\n\n\n<div class=\"wp-block-image\">\n<figure class=\"aligncenter size-large is-resized\"><img loading=\"lazy\" decoding=\"async\" width=\"1024\" height=\"576\" src=\"http:\/\/nuevo.ceciliacolacrai.com\/wp-content\/uploads\/2021\/12\/JC-5100_2936web\u00a9Tristan-Perez-Martin-1024x576.jpg\" alt=\"\" class=\"wp-image-549\" style=\"width:512px;height:288px\" srcset=\"https:\/\/ceciliacolacrai.com\/wp-content\/uploads\/2021\/12\/JC-5100_2936web\u00a9Tristan-Perez-Martin-1024x576.jpg 1024w, https:\/\/ceciliacolacrai.com\/wp-content\/uploads\/2021\/12\/JC-5100_2936web\u00a9Tristan-Perez-Martin-300x169.jpg 300w, https:\/\/ceciliacolacrai.com\/wp-content\/uploads\/2021\/12\/JC-5100_2936web\u00a9Tristan-Perez-Martin-768x432.jpg 768w, https:\/\/ceciliacolacrai.com\/wp-content\/uploads\/2021\/12\/JC-5100_2936web\u00a9Tristan-Perez-Martin-1536x864.jpg 1536w, https:\/\/ceciliacolacrai.com\/wp-content\/uploads\/2021\/12\/JC-5100_2936web\u00a9Tristan-Perez-Martin.jpg 1920w\" sizes=\"auto, (max-width: 767px) 89vw, (max-width: 1000px) 54vw, (max-width: 1071px) 543px, 580px\" \/><figcaption class=\"wp-element-caption\">JOAN CATAL\u00c0 \/ 5100 m\/s \u00a9Tristan Perez-Martin<\/figcaption><\/figure>\n<\/div>\n\n\n<hr class=\"wp-block-separator has-css-opacity\"\/>\n\n\n\n<p><strong>2019<\/strong><br><strong>Participaci\u00f3n <a rel=\"noreferrer noopener\" href=\"https:\/\/www.silosmartesfueranviernes.com\/capitulo-53-cuando-te-vuelva-a-encontrar\/\" target=\"_blank\"><br><em>Cap\u00edtulo #35 &#8211; Cuando te vuelva a encontrar<\/em><\/a><\/strong><em> \/ <a rel=\"noreferrer noopener\" href=\"https:\/\/tnt.cat\/es\/espectacle\/la-llista\/\" target=\"_blank\">Si los martes fueran viernes<\/a><\/em><br>La Caldera, Barcelona<\/p>\n\n\n<div class=\"wp-block-image\">\n<figure class=\"aligncenter size-large is-resized\"><img loading=\"lazy\" decoding=\"async\" width=\"1024\" height=\"678\" src=\"https:\/\/ceciliacolacrai.com\/wp-content\/uploads\/2021\/12\/119-2048x1356-1-1024x678.jpg\" alt=\"\" class=\"wp-image-546\" style=\"width:512px;height:339px\" srcset=\"https:\/\/ceciliacolacrai.com\/wp-content\/uploads\/2021\/12\/119-2048x1356-1-1024x678.jpg 1024w, https:\/\/ceciliacolacrai.com\/wp-content\/uploads\/2021\/12\/119-2048x1356-1-300x199.jpg 300w, https:\/\/ceciliacolacrai.com\/wp-content\/uploads\/2021\/12\/119-2048x1356-1-768x509.jpg 768w, https:\/\/ceciliacolacrai.com\/wp-content\/uploads\/2021\/12\/119-2048x1356-1-1536x1017.jpg 1536w, https:\/\/ceciliacolacrai.com\/wp-content\/uploads\/2021\/12\/119-2048x1356-1.jpg 2048w\" sizes=\"auto, (max-width: 767px) 89vw, (max-width: 1000px) 54vw, (max-width: 1071px) 543px, 580px\" \/><figcaption class=\"wp-element-caption\">fotograf\u00eda: Ramona Libertad \/ SLMFV<\/figcaption><\/figure>\n<\/div>\n\n\n<hr class=\"wp-block-separator has-css-opacity\"\/>\n\n\n\n<p><strong>2014-2019<\/strong><br><strong>Creaci\u00f3n e interpretaci\u00f3n<\/strong> (Anna Rubirola, Jo\u00e3o Lima y Cecilia Colacrai)<br><em><strong>Morder la lengua <\/strong>\/ Jo\u00e3o Lima (direcci\u00f3n)<\/em><br>Cecilia trabaja junto a Jo\u00e3o Lima y Anna Rubirola en la investigaci\u00f3n y creaci\u00f3n de la pieza \u201cMorder la lengua\u201d. Bajo la direcci\u00f3n de Jo\u00e3o, Anna y Cecilia se encuentran en escena para jugar con la tensi\u00f3n entre diferentes planos del lenguaje, asociando y creando cadenas de expresi\u00f3n, observando diversas dimensiones de un di\u00e1logo.<\/p>\n\n\n<div class=\"wp-block-image\">\n<figure class=\"aligncenter size-large is-resized\"><img loading=\"lazy\" decoding=\"async\" width=\"1024\" height=\"576\" src=\"https:\/\/ceciliacolacrai.com\/wp-content\/uploads\/2021\/12\/MLL-02_0117WEB\u00a9Tristan-Perez-Martin-1024x576.jpg\" alt=\"\" class=\"wp-image-534\" style=\"width:512px;height:288px\" srcset=\"https:\/\/ceciliacolacrai.com\/wp-content\/uploads\/2021\/12\/MLL-02_0117WEB\u00a9Tristan-Perez-Martin-1024x576.jpg 1024w, https:\/\/ceciliacolacrai.com\/wp-content\/uploads\/2021\/12\/MLL-02_0117WEB\u00a9Tristan-Perez-Martin-300x169.jpg 300w, https:\/\/ceciliacolacrai.com\/wp-content\/uploads\/2021\/12\/MLL-02_0117WEB\u00a9Tristan-Perez-Martin-768x432.jpg 768w, https:\/\/ceciliacolacrai.com\/wp-content\/uploads\/2021\/12\/MLL-02_0117WEB\u00a9Tristan-Perez-Martin-1536x864.jpg 1536w, https:\/\/ceciliacolacrai.com\/wp-content\/uploads\/2021\/12\/MLL-02_0117WEB\u00a9Tristan-Perez-Martin.jpg 1778w\" sizes=\"auto, (max-width: 767px) 89vw, (max-width: 1000px) 54vw, (max-width: 1071px) 543px, 580px\" \/><figcaption class=\"wp-element-caption\">photography: Trist\u00e1n P\u00e9rez-Mart\u00edn<\/figcaption><\/figure>\n<\/div>\n\n\n<hr class=\"wp-block-separator has-css-opacity\"\/>\n\n\n\n<p><strong>2013<\/strong><br><strong>Creaci\u00f3n e interpretaci\u00f3n <a rel=\"noreferrer noopener\" href=\"https:\/\/www.silosmartesfueranviernes.com\/capitulo-53-cuando-te-vuelva-a-encontrar\/\" target=\"_blank\"><br><\/a><em>Des Fent <\/em><\/strong><em>\/ <a rel=\"noreferrer noopener\" href=\"http:\/\/www.finmatun.com\/\" target=\"_blank\">Associaci\u00f3 Cultural Finmatun<\/a><\/em><br>Creaci\u00f3n conjunta de la Asociaci\u00f3n Cultural Finmatun, Cecilia Colacrai y Gisela Rodriguez. Danza, v\u00eddeo, fotograf\u00eda y m\u00fasica en vivo se encuentran para desarrollar esta propuesta en el Centre C\u00edvic Barceloneta, Barcelona.<br><br><strong><strong>Interpretaci\u00f3n <a rel=\"noreferrer noopener\" href=\"https:\/\/www.silosmartesfueranviernes.com\/capitulo-53-cuando-te-vuelva-a-encontrar\/\" target=\"_blank\"><br><\/a><em>Transforma-T <\/em><\/strong><em>\/ <\/em><\/strong><em>Cia Nats Nus<\/em><strong><br><\/strong>Espect\u00e1culo inaugural de la Fira de T\u00e1rrega y de las Fiestas del Pilar de Zaragoza.<\/p>\n\n\n<div class=\"wp-block-image\">\n<figure class=\"aligncenter size-large is-resized\"><img loading=\"lazy\" decoding=\"async\" width=\"1024\" height=\"576\" src=\"http:\/\/nuevo.ceciliacolacrai.com\/wp-content\/uploads\/2021\/12\/Transformat__0043web-1024x576.jpg\" alt=\"\" class=\"wp-image-543\" style=\"width:512px;height:288px\" srcset=\"https:\/\/ceciliacolacrai.com\/wp-content\/uploads\/2021\/12\/Transformat__0043web-1024x576.jpg 1024w, https:\/\/ceciliacolacrai.com\/wp-content\/uploads\/2021\/12\/Transformat__0043web-300x169.jpg 300w, https:\/\/ceciliacolacrai.com\/wp-content\/uploads\/2021\/12\/Transformat__0043web-768x432.jpg 768w, https:\/\/ceciliacolacrai.com\/wp-content\/uploads\/2021\/12\/Transformat__0043web.jpg 1500w\" sizes=\"auto, (max-width: 767px) 89vw, (max-width: 1000px) 54vw, (max-width: 1071px) 543px, 580px\" \/><figcaption class=\"wp-element-caption\">Transforma&#8217;t &#8211; Toni Mira\/NatsNus (fotograf\u00eda: Trist\u00e1n P\u00e9rez-Mart\u00edn)<\/figcaption><\/figure>\n<\/div>\n\n\n<hr class=\"wp-block-separator has-css-opacity\"\/>\n\n\n\n<p><strong>2013-2014<\/strong><br><strong>Laboratorio de creaci\u00f3n<\/strong> con la cia Tumaka&#8217;t (M\u00e9xico)<br>Durante este laboratorio, Cecilia ha trabajado junto a lxs creadorxs\/int\u00e9rpretes de la cia. Tumaka\u2019t en el desarrollo de herramientas para la creaci\u00f3n, con el prop\u00f3sito de generar unas reglas de juego que den libertad al int\u00e9rprete en un marco de composici\u00f3n instant\u00e1nea y grupal. Estos materiales se han compartido con el p\u00fablico al finalizar el proceso en ambos per\u00edodos de investigaci\u00f3n.<\/p>\n\n\n\n<hr class=\"wp-block-separator has-css-opacity\"\/>\n\n\n\n<p><strong>2012<\/strong><br><strong>Coreograf\u00eda e interpretaci\u00f3n<\/strong><br><em><strong>Faces <\/strong>\/ cia. Emmanuel Grivet<\/em><br>Faces reune a artistas de nacionalidades y culturas diferentes, es una pieza basada en la improvisaci\u00f3n y construcci\u00f3n colectiva.<br>Direcci\u00f3n: Emmanuel Grivet<br>Core\u00f3grafos e int\u00e9rpretes: Cecilia Colacrai, James Carl\u00e8s Nganou<br><br><strong>Creaci\u00f3n e interpretaci\u00f3n<\/strong><br><em><strong>100 a\u00f1os de La Pedrera <\/strong>\/ Toni Mira (direcci\u00f3n<\/em>)<br>Participaci\u00f3n en la creaci\u00f3n e interpretaci\u00f3n del espect\u00e1culo realizado en la fachada de La Pedrera, por motivo de sus 100 a\u00f1os.<br><br><strong>Coordinaci\u00f3n y direcci\u00f3n<\/strong><br><em><strong>100 a\u00f1os de La Pedrera <\/strong>\/ Toni Mira (direcci\u00f3n<\/em> general) <br>Coordinaci\u00f3n y direcci\u00f3n del grupo de alumnas de danza del espacio <a rel=\"noreferrer noopener\" href=\"https:\/\/tragantdansa.com\/\" target=\"_blank\">tragantDansa <\/a>para la creaci\u00f3n coreogr\u00e1fica de dos piezas presentadas dentro del marco de los festejos en conmemoraci\u00f3n a los 100 a\u00f1os de La Pedrera.<br><br><strong>Coreograf\u00eda e interpretaci\u00f3n<\/strong><br><em><strong>Orquestra\u2019t<\/strong><\/em> <em>\/ cia. Sebasti\u00e1n Garc\u00eda Ferro<\/em><br>Espect\u00e1culo realizado en L\u2019Auditori de la M\u00fasica de Barcelona en el cual participa la Orquestra Simf\u00f2nica de Barcelona i Nacional de Catalunya dirigidas por Xavier Puig. Direcci\u00f3n general: Sebasti\u00e1n Garc\u00eda Ferro<br>Core\u00f3grafas e int\u00e9rpretes: Mireia de Querol y Cecilia Colacrai<br><br><strong>Participaci\u00f3n<\/strong><br><em><strong>Premis Ciutat de Barcelona<\/strong><\/em><br>Participaci\u00f3n en la entrega de Premios Ciutat de Barcelona<em>.<\/em><br>Direction:<strong> <\/strong>Montse Colom\u00e9<\/p>\n\n\n\n<hr class=\"wp-block-separator has-css-opacity\"\/>\n\n\n\n<p><strong>2011<\/strong><br><strong>Cocreaci\u00f3n, asistencia de movimiento y clases<\/strong><br><em><strong>Lavda 4 &#8211; Lapses, proyecto de v\u00eddeodanza<\/strong><\/em> <em>\/ Associaci\u00f3 Cultural Finmatun y cia Nats Nus<\/em><br>Danza y v\u00eddeo se encuentran en el Centro Penitenciario&nbsp; de mujeres y hombres de Brians para crear Lapses.<br>Direcci\u00f3n general: Toni Mira<\/p>\n\n\n\n<figure class=\"wp-block-embed is-type-video is-provider-youtube wp-block-embed-youtube wp-embed-aspect-16-9 wp-has-aspect-ratio\"><div class=\"wp-block-embed__wrapper\">\n<iframe loading=\"lazy\" title=\"LAPSES Homes\" width=\"525\" height=\"295\" src=\"https:\/\/www.youtube.com\/embed\/dPmu-J8xJWA?feature=oembed\" frameborder=\"0\" allow=\"accelerometer; autoplay; clipboard-write; encrypted-media; gyroscope; picture-in-picture; web-share\" referrerpolicy=\"strict-origin-when-cross-origin\" allowfullscreen><\/iframe>\n<\/div><figcaption class=\"wp-element-caption\">Lapses (videodanza)<\/figcaption><\/figure>\n\n\n\n<hr class=\"wp-block-separator has-css-opacity\"\/>\n\n\n\n<p><strong>2010<\/strong><br><strong>Cocreaci\u00f3n, asistencia de movimiento y clases<\/strong><br><em><strong>Lavda 3 &#8211; Fronteres, proyecto de v\u00eddeodanza<\/strong><\/em> <em>\/ Associaci\u00f3 Cultural Finmatun y cia Nats Nus<\/em><br>Danza, m\u00fasica, video y fotograf\u00eda se vuelven a encontrar para el desarrollo de este proyecto que se ha llevado a cabo en el Centro Penitenciario de mujeres de Brians 1 y 2. Presentaci\u00f3n los dias 11 y 12 de diciembre en La Caldera.<br>Direcci\u00f3n general: Toni Mira<br><br><strong>Asistencia de movimiento<\/strong><br><em><strong>O outro do outro <\/strong>\/ Jo\u00e3o Lima (direcci\u00f3n)<\/em><br><br><strong>Asistencia de movimiento<\/strong><br><em><strong>Cuando no me llueve encima me llueve dentro <\/strong>\/ Producciones Viridiana &#8211; Jes\u00fas Arbu\u00e9s (direcci\u00f3n)<\/em><br><br><strong>Asistencia de movimiento<\/strong><br><em><strong>Plecs <\/strong>\/ Producciones Enfila&#8217;t<\/em><br>Espect\u00e1culo de circo, teatro, m\u00fasica y movimiento<\/p>\n\n\n\n<hr class=\"wp-block-separator has-css-opacity\"\/>\n\n\n\n<p><strong>2009<\/strong><br><strong>Interpretaci\u00f3n<\/strong><br><em><strong>Le Cube <\/strong>\/ cia. Emmanuel Grivet<\/em><br>Pieza creada para espacios urbanos basada en la improvisaci\u00f3n.<br>Presentada en diferentes festivales de Francia y Espa\u00f1a en los a\u00f1os 2009, 2010 y 2011<br>Direcci\u00f3n: Emmanuel Grivet<br>Interpretaci\u00f3n: Cecilia Colacrai, Sylvie Nova, Emmanuel Grivet<br><br><strong>Cocreaci\u00f3n e interpretaci\u00f3n<\/strong><br><em><strong>Desert <\/strong>\/ Associaci\u00f3 Cultural Finmatun y cia Nats Nus<\/em><br>Danza, m\u00fasica, video y fotograf\u00eda fueron las disciplinas que intervinieron en este proyecto que se llev\u00f3 a cabo en Centro Penitenciario Brians 2. La presentaci\u00f3n se llev\u00f3 a cabo en CaixaF\u00f2rum, en la escena se encontraron 6 internas y 4 bailarinas profesionales.<br>Direcci\u00f3n general: Toni Mira<br><br><strong>Interpretaci\u00f3n<\/strong><br><em><strong>Festes de la Merc\u00e8<\/strong><\/em><br>Intervenci\u00f3n realizada en el Teatre Grec de Barcelona.<br>Direcci\u00f3n: Montse Colom\u00e9<br><br><strong>Creaci\u00f3n e interpretaci\u00f3n<\/strong><br><em><strong>L&#8217;enigma<\/strong><\/em><br>Proyecto de creaci\u00f3n T6 del Teatro Nacional de Catalunya<br>Direcci\u00f3n: Montse Colom\u00e9, Santi San Pere y Tomeu Verg\u00e9s<\/p>\n\n\n\n<hr class=\"wp-block-separator has-css-opacity\"\/>\n\n\n\n<p><strong>2008<\/strong><br><strong>Interpretaci\u00f3n<\/strong><br><em><strong>Vitrinas III <\/strong>\/ cia. Lapsus<\/em><br>Obra estrenada en Festival Grec de Barcelona<br>Direcci\u00f3n: Alexis Eupierre<\/p>\n\n\n\n<hr class=\"wp-block-separator has-css-opacity\"\/>\n\n\n\n<p><strong>2007<\/strong><br><strong>Interpretaci\u00f3n<\/strong><br><em><strong>Vitrinas II <\/strong>\/ cia. Lapsus<\/em><br>Obra estrenada en el Mercat de les Flors de Barcelona en mayo 2007<br>Direcci\u00f3n: Alexis Eupierre<\/p>\n\n\n\n<hr class=\"wp-block-separator has-css-opacity\"\/>\n\n\n\n<p><strong>2006<\/strong><br><strong>Interpretaci\u00f3n<\/strong><br><em><strong>Secretos y besos <\/strong>\/ cia. Gabriela Solini<\/em><br>Compa\u00f1\u00eda invitada al Certamen Coreogr\u00e1fico de Madrid<\/p>\n\n\n\n<hr class=\"wp-block-separator has-css-opacity\"\/>\n\n\n\n<p><strong>2005<\/strong><br><strong>Interpretaci\u00f3n<\/strong><br><em><strong>H\u00e1blame <\/strong>\/ cia. Gabriela Solini<\/em><br>La pieza <em>H\u00e1blame <\/em>es premiada en el Cert\u00e1men Coreogr\u00e1fico de Madrid 2004 y viaja en abril del 2005 al Festival Channel Sur (Latino American Dance in New York).<\/p>\n\n\n\n<hr class=\"wp-block-separator has-css-opacity\"\/>\n\n\n\n<p><strong>2001<\/strong><br><strong>Interpretaci\u00f3n<\/strong><br><em><strong>In Situ<\/strong> \/ <em>cia. Lapsus<\/em><br><\/em>Pieza creada en la ciudad de Rosario (Argentina).<em><br><\/em>Direcci\u00f3n: Alexis Eupierre<\/p>\n\n\n\n<hr class=\"wp-block-separator has-css-opacity\"\/>\n\n\n\n<p> <strong>1999-2001<\/strong><br><strong><strong>Creaci\u00f3n e interpretaci\u00f3n<\/strong> <\/strong><br><em><strong>Cia. La Troupe<\/strong><br><\/em>Es parte de la Compa\u00f1\u00eda La Troupe&nbsp;(Rosario, Argentina) con quien realiza la obra <em>Cathedrals<\/em>, entre otras. <\/p>\n\n\n\n<hr class=\"wp-block-separator has-css-opacity\"\/>\n\n\n\n<p><strong>1995-2001<\/strong><br><strong>Creaci\u00f3n e interpretaci\u00f3n<\/strong><br><em><strong>El Taller (grupo de investigaci\u00f3n y creaci\u00f3n)<\/strong><br><\/em>Es miembro del Taller de Danza Contempor\u00e1nea de la Escuela de Danzas Nigelia Soria de Rosario, dirigido por <strong>Cristina Prates<\/strong>.<\/p>\n\n\n\n<hr class=\"wp-block-separator has-css-opacity\"\/>\n\n\n\n<p><strong>2000<br>Asistencia de direcci\u00f3n<br><\/strong><em><strong>Deja que sufro yo<\/strong> \/ Marcelo D\u00edaz (direcci\u00f3n)<\/em><\/p>\n\n\n\n<hr class=\"wp-block-separator has-css-opacity\"\/>\n\n\n\n<p><strong>1998<br>Interpretaci\u00f3n<br><\/strong><em><strong>The Wayne Brothers<\/strong> \/ Donna Uchizono (direcci\u00f3n)<\/em> <\/p>","protected":false},"excerpt":{"rendered":"<p>COLABORACIONES 2026 Asistencia de movimiento: \u00c8dip &amp; Ant\u00edgonaDirecci\u00f3n: Carlota Subir\u00f3sEstreno: 22\/04\/2026 2025 Acompa\u00f1amiento art\u00edstico y asistencia de movimiento: Conspiraci\u00f3nDirecci\u00f3n: Joao LimaEstreno: octubre 2025 Asistencia de movimiento: OlympiaDirecci\u00f3n: Carlota Subir\u00f3sTeatre Lliure, Barcelona. 2024 Colaboraci\u00f3n art\u00edstica: RiuresDirecci\u00f3n: Cristina Mart\u00ed Vela. Asistencia de movimiento: What the Foc?Un mapa vital y emocional de la ciudad de BarcelonaDirecci\u00f3n: Junior Mthombeni &hellip; <\/p>\n<p class=\"link-more\"><a href=\"https:\/\/ceciliacolacrai.com\/eng\/colaboraciones\/\" class=\"more-link\">Continue reading<span class=\"screen-reader-text\"> \u00abcolaboraciones\u00bb<\/span><\/a><\/p>","protected":false},"author":1,"featured_media":0,"parent":0,"menu_order":0,"comment_status":"closed","ping_status":"closed","template":"","meta":{"footnotes":""},"class_list":["post-33","page","type-page","status-publish","hentry"],"_links":{"self":[{"href":"https:\/\/ceciliacolacrai.com\/eng\/wp-json\/wp\/v2\/pages\/33","targetHints":{"allow":["GET"]}}],"collection":[{"href":"https:\/\/ceciliacolacrai.com\/eng\/wp-json\/wp\/v2\/pages"}],"about":[{"href":"https:\/\/ceciliacolacrai.com\/eng\/wp-json\/wp\/v2\/types\/page"}],"author":[{"embeddable":true,"href":"https:\/\/ceciliacolacrai.com\/eng\/wp-json\/wp\/v2\/users\/1"}],"replies":[{"embeddable":true,"href":"https:\/\/ceciliacolacrai.com\/eng\/wp-json\/wp\/v2\/comments?post=33"}],"version-history":[{"count":0,"href":"https:\/\/ceciliacolacrai.com\/eng\/wp-json\/wp\/v2\/pages\/33\/revisions"}],"wp:attachment":[{"href":"https:\/\/ceciliacolacrai.com\/eng\/wp-json\/wp\/v2\/media?parent=33"}],"curies":[{"name":"wp","href":"https:\/\/api.w.org\/{rel}","templated":true}]}}